{"id":1482,"date":"2019-11-11T19:09:55","date_gmt":"2019-11-11T19:09:55","guid":{"rendered":"https:\/\/hercsdvds.xyz\/?post_type=product&#038;p=1482"},"modified":"2023-03-17T15:40:00","modified_gmt":"2023-03-17T15:40:00","slug":"my-hero-academia-the-ultimate-manga-digital-set-on-dvd","status":"publish","type":"product","link":"https:\/\/hercsdvds.xyz\/?product=my-hero-academia-the-ultimate-manga-digital-set-on-dvd","title":{"rendered":"My Hero Academia THE ULTIMATE MANGA DIGITAL SET ON DVD"},"content":{"rendered":"<p><strong>My Hero Academia the ultimate Manga digital set on 2 DVDs<\/strong><\/p>\n<p>My Hero Academia is a Japanese superhero manga series written and illustrated by K\u014dhei Horikoshi. It has been serialized in Weekly Sh\u014dnen Jump since July 2014, with its chapters additionally collected in 24 tank\u014dbon volumes as of August 2019 in Japan.<br \/>\nThis set includes the following:<br \/>\nMy Hero Academia vol. 1-21<br \/>\nMy Hero Academia Vigilantes v1-6<br \/>\nMy Hero Academia Smash!! v1-2<br \/>\nMy Hero Academia &#8211; School Briefs v1-2<\/p>\n<p>NO Actual Paper Comics are Included !!<br \/>\nYour Satisfaction Guarantee<br \/>\nEach set is as complete as possible. If there is anything missing and it is NOT listed as part of the &#8220;set&#8221;, it is not available at this time. We aim to have 100% satisfaction in our customers, so if in your opinion there is anything missing or there is something concerning you about your set, please contact us a.s.a.p.<br \/>\nReturn Policy<br \/>\nWe offer limited support and will replace any defective discs at no cost. We have checked the files the best we can but cannot catch everything. Sometimes a corrupted file can get past us or may not work on your PC. Please contact us within 30 days of delivery of your set to be considered for replacement of defective discs.<br \/>\nIf you have any questions, please ask.<\/p>\n","protected":false},"excerpt":{"rendered":"<p>My Hero Academia the ultimate Manga digital set on 2 DVDs. <\/p>\n","protected":false},"featured_media":1484,"comment_status":"open","ping_status":"closed","template":"","meta":{"ocean_post_layout":"","ocean_both_sidebars_style":"","ocean_both_sidebars_content_width":0,"ocean_both_sidebars_sidebars_width":0,"ocean_sidebar":"0","ocean_second_sidebar":"0","ocean_disable_margins":"enable","ocean_add_body_class":"","ocean_shortcode_before_top_bar":"","ocean_shortcode_after_top_bar":"","ocean_shortcode_before_header":"","ocean_shortcode_after_header":"","ocean_has_shortcode":"","ocean_shortcode_after_title":"","ocean_shortcode_before_footer_widgets":"","ocean_shortcode_after_footer_widgets":"","ocean_shortcode_before_footer_bottom":"","ocean_shortcode_after_footer_bottom":"","ocean_display_top_bar":"default","ocean_display_header":"default","ocean_header_style":"","ocean_center_header_left_menu":"0","ocean_custom_header_template":"0","ocean_custom_logo":0,"ocean_custom_retina_logo":0,"ocean_custom_logo_max_width":0,"ocean_custom_logo_tablet_max_width":0,"ocean_custom_logo_mobile_max_width":0,"ocean_custom_logo_max_height":0,"ocean_custom_logo_tablet_max_height":0,"ocean_custom_logo_mobile_max_height":0,"ocean_header_custom_menu":"0","ocean_menu_typo_font_family":"0","ocean_menu_typo_font_subset":"","ocean_menu_typo_font_size":0,"ocean_menu_typo_font_size_tablet":0,"ocean_menu_typo_font_size_mobile":0,"ocean_menu_typo_font_size_unit":"px","ocean_menu_typo_font_weight":"","ocean_menu_typo_font_weight_tablet":"","ocean_menu_typo_font_weight_mobile":"","ocean_menu_typo_transform":"","ocean_menu_typo_transform_tablet":"","ocean_menu_typo_transform_mobile":"","ocean_menu_typo_line_height":0,"ocean_menu_typo_line_height_tablet":0,"ocean_menu_typo_line_height_mobile":0,"ocean_menu_typo_line_height_unit":"","ocean_menu_typo_spacing":0,"ocean_menu_typo_spacing_tablet":0,"ocean_menu_typo_spacing_mobile":0,"ocean_menu_typo_spacing_unit":"","ocean_menu_link_color":"","ocean_menu_link_color_hover":"","ocean_menu_link_color_active":"","ocean_menu_link_background":"","ocean_menu_link_hover_background":"","ocean_menu_link_active_background":"","ocean_menu_social_links_bg":"","ocean_menu_social_hover_links_bg":"","ocean_menu_social_links_color":"","ocean_menu_social_hover_links_color":"","ocean_disable_title":"default","ocean_disable_heading":"default","ocean_post_title":"","ocean_post_subheading":"","ocean_post_title_style":"","ocean_post_title_background_color":"","ocean_post_title_background":0,"ocean_post_title_bg_image_position":"","ocean_post_title_bg_image_attachment":"","ocean_post_title_bg_image_repeat":"","ocean_post_title_bg_image_size":"","ocean_post_title_height":0,"ocean_post_title_bg_overlay":0.5,"ocean_post_title_bg_overlay_color":"","ocean_disable_breadcrumbs":"default","ocean_breadcrumbs_color":"","ocean_breadcrumbs_separator_color":"","ocean_breadcrumbs_links_color":"","ocean_breadcrumbs_links_hover_color":"","ocean_display_footer_widgets":"default","ocean_display_footer_bottom":"default","ocean_custom_footer_template":"0"},"product_brand":[],"product_cat":[125],"product_tag":[18,47,614,544],"class_list":{"0":"post-1482","1":"product","2":"type-product","3":"status-publish","4":"has-post-thumbnail","6":"product_cat-manga","7":"product_tag-digital-comics","8":"product_tag-manga","9":"product_tag-my-hero-academia","10":"product_tag-shonen-jump","12":"entry","13":"has-media","15":"first","16":"instock","17":"sale","18":"taxable","19":"shipping-taxable","20":"purchasable","21":"product-type-simple","22":"has-product-nav","23":"col","24":"span_1_of_3","25":"owp-content-center","26":"owp-thumbs-layout-horizontal","27":"owp-btn-normal","28":"owp-tabs-layout-horizontal"},"_links":{"self":[{"href":"https:\/\/hercsdvds.xyz\/index.php?rest_route=\/wp\/v2\/product\/1482","targetHints":{"allow":["GET"]}}],"collection":[{"href":"https:\/\/hercsdvds.xyz\/index.php?rest_route=\/wp\/v2\/product"}],"about":[{"href":"https:\/\/hercsdvds.xyz\/index.php?rest_route=\/wp\/v2\/types\/product"}],"replies":[{"embeddable":true,"href":"https:\/\/hercsdvds.xyz\/index.php?rest_route=%2Fwp%2Fv2%2Fcomments&post=1482"}],"wp:featuredmedia":[{"embeddable":true,"href":"https:\/\/hercsdvds.xyz\/index.php?rest_route=\/wp\/v2\/media\/1484"}],"wp:attachment":[{"href":"https:\/\/hercsdvds.xyz\/index.php?rest_route=%2Fwp%2Fv2%2Fmedia&parent=1482"}],"wp:term":[{"taxonomy":"product_brand","embeddable":true,"href":"https:\/\/hercsdvds.xyz\/index.php?rest_route=%2Fwp%2Fv2%2Fproduct_brand&post=1482"},{"taxonomy":"product_cat","embeddable":true,"href":"https:\/\/hercsdvds.xyz\/index.php?rest_route=%2Fwp%2Fv2%2Fproduct_cat&post=1482"},{"taxonomy":"product_tag","embeddable":true,"href":"https:\/\/hercsdvds.xyz\/index.php?rest_route=%2Fwp%2Fv2%2Fproduct_tag&post=1482"}],"curies":[{"name":"wp","href":"https:\/\/api.w.org\/{rel}","templated":true}]}}